{"id":10185,"date":"2026-03-13T15:49:07","date_gmt":"2026-03-13T14:49:07","guid":{"rendered":"https:\/\/graficasciamanica.it\/?page_id=10185"},"modified":"2026-03-27T16:51:22","modified_gmt":"2026-03-27T15:51:22","slug":"manifesta-il-tuo-brand","status":"publish","type":"page","link":"https:\/\/graficasciamanica.it\/index.php\/manifesta-il-tuo-brand\/","title":{"rendered":"Manifesta il tuo Brand"},"content":{"rendered":"\t\t<div data-elementor-type=\"wp-page\" data-elementor-id=\"10185\" class=\"elementor elementor-10185\" data-elementor-post-type=\"page\">\n\t\t\t\t\t\t<section class=\"elementor-section elementor-top-section elementor-element elementor-element-2681b9f elementor-section-full_width elementor-section-height-min-height elementor-section-stretched elementor-section-height-default elementor-section-items-middle wpr-particle-no wpr-jarallax-no wpr-parallax-no wpr-sticky-section-no\" data-id=\"2681b9f\" data-element_type=\"section\" data-e-type=\"section\" data-settings=\"{&quot;stretch_section&quot;:&quot;section-stretched&quot;,&quot;background_background&quot;:&quot;classic&quot;}\">\n\t\t\t\t\t\t\t<div class=\"elementor-background-overlay\"><\/div>\n\t\t\t\t\t\t\t<div class=\"elementor-container elementor-column-gap-default\">\n\t\t\t\t\t<div class=\"elementor-column elementor-col-100 elementor-top-column elementor-element elementor-element-f7ac02d\" data-id=\"f7ac02d\" data-element_type=\"column\" data-e-type=\"column\">\n\t\t\t<div class=\"elementor-widget-wrap elementor-element-populated\">\n\t\t\t\t\t\t<div class=\"elementor-element elementor-element-75e80c9 elementor-widget elementor-widget-heading\" data-id=\"75e80c9\" data-element_type=\"widget\" data-e-type=\"widget\" data-widget_type=\"heading.default\">\n\t\t\t\t<div class=\"elementor-widget-container\">\n\t\t\t\t\t<h1 class=\"elementor-heading-title elementor-size-xxl\">Manifesta il tuo Brand<\/h1>\t\t\t\t<\/div>\n\t\t\t\t<\/div>\n\t\t\t\t<div class=\"elementor-element elementor-element-ca11ffa elementor-widget elementor-widget-heading\" data-id=\"ca11ffa\" data-element_type=\"widget\" data-e-type=\"widget\" data-widget_type=\"heading.default\">\n\t\t\t\t<div class=\"elementor-widget-container\">\n\t\t\t\t\t<h3 class=\"elementor-heading-title elementor-size-default\">Promuovi la tua attivit\u00e0 con strumenti grafici pensati per comunicare la tua essenza<\/h3>\t\t\t\t<\/div>\n\t\t\t\t<\/div>\n\t\t\t\t\t<\/div>\n\t\t<\/div>\n\t\t\t\t\t<\/div>\n\t\t<\/section>\n\t\t\t\t<section class=\"elementor-section elementor-top-section elementor-element elementor-element-9195ed1 elementor-section-boxed elementor-section-height-default elementor-section-height-default wpr-particle-no wpr-jarallax-no wpr-parallax-no wpr-sticky-section-no\" data-id=\"9195ed1\" data-element_type=\"section\" data-e-type=\"section\">\n\t\t\t\t\t\t<div class=\"elementor-container elementor-column-gap-default\">\n\t\t\t\t\t<div class=\"elementor-column elementor-col-100 elementor-top-column elementor-element elementor-element-64ab0ac\" data-id=\"64ab0ac\" data-element_type=\"column\" data-e-type=\"column\">\n\t\t\t<div class=\"elementor-widget-wrap elementor-element-populated\">\n\t\t\t\t\t\t<div class=\"elementor-element elementor-element-8c847f0 elementor-widget elementor-widget-text-editor\" data-id=\"8c847f0\" data-element_type=\"widget\" data-e-type=\"widget\" data-widget_type=\"text-editor.default\">\n\t\t\t\t<div class=\"elementor-widget-container\">\n\t\t\t\t\t\t\t\t\t<p data-start=\"231\" data-end=\"566\">Promuovere il tuo progetto non \u00e8 solo comunicare: \u00e8 dare forma visiva alla tua energia, al tuo messaggio e alla tua essenza.<br data-start=\"355\" data-end=\"358\" \/>Con i miei servizi di <strong data-start=\"380\" data-end=\"402\">Grafica Sciamanica<\/strong>, ogni contenuto digitale e ogni oggetto fisico diventano un\u2019estensione del tuo brand, pensati per farlo <strong data-start=\"507\" data-end=\"530\">risplendere ovunque<\/strong>, sullo schermo e nel mondo reale.<\/p><p data-start=\"568\" data-end=\"851\">Puoi creare <strong data-start=\"580\" data-end=\"616\">template per social e newsletter<\/strong>, slide per workshop ed eventi, cos\u00ec come <strong data-start=\"658\" data-end=\"716\">biglietti da visita, flyer, poster o gadget coordinati<\/strong>: strumenti concreti che parlano della tua identit\u00e0 e accompagnano chi ti segue a percepire la tua energia, anche fuori dal digitale.<\/p><p data-start=\"853\" data-end=\"1044\">La promozione non \u00e8 pi\u00f9 confinata a un feed o a uno schermo: ogni elemento diventa un messaggio coerente, capace di raccontare chi sei e di far emergere la tua presenza con forza e armonia.<\/p>\t\t\t\t\t\t\t\t<\/div>\n\t\t\t\t<\/div>\n\t\t\t\t\t<\/div>\n\t\t<\/div>\n\t\t\t\t\t<\/div>\n\t\t<\/section>\n\t\t\t\t<section class=\"elementor-section elementor-top-section elementor-element elementor-element-371c9fa elementor-section-stretched elementor-section-boxed elementor-section-height-default elementor-section-height-default wpr-particle-no wpr-jarallax-no wpr-parallax-no wpr-sticky-section-no\" data-id=\"371c9fa\" data-element_type=\"section\" data-e-type=\"section\" data-settings=\"{&quot;stretch_section&quot;:&quot;section-stretched&quot;,&quot;background_background&quot;:&quot;classic&quot;}\">\n\t\t\t\t\t\t\t<div class=\"elementor-background-overlay\"><\/div>\n\t\t\t\t\t\t\t<div class=\"elementor-container elementor-column-gap-default\">\n\t\t\t\t\t<div class=\"elementor-column elementor-col-100 elementor-top-column elementor-element elementor-element-214f781\" data-id=\"214f781\" data-element_type=\"column\" data-e-type=\"column\">\n\t\t\t<div class=\"elementor-widget-wrap elementor-element-populated\">\n\t\t\t\t\t\t<div class=\"elementor-element elementor-element-cbc420e elementor-widget elementor-widget-heading\" data-id=\"cbc420e\" data-element_type=\"widget\" data-e-type=\"widget\" data-widget_type=\"heading.default\">\n\t\t\t\t<div class=\"elementor-widget-container\">\n\t\t\t\t\t<h2 class=\"elementor-heading-title elementor-size-default\">Come puoi promuoverti<\/h2>\t\t\t\t<\/div>\n\t\t\t\t<\/div>\n\t\t\t\t<section class=\"elementor-section elementor-inner-section elementor-element elementor-element-2857eb8 elementor-section-boxed elementor-section-height-default elementor-section-height-default wpr-particle-no wpr-jarallax-no wpr-parallax-no wpr-sticky-section-no\" data-id=\"2857eb8\" data-element_type=\"section\" data-e-type=\"section\">\n\t\t\t\t\t\t<div class=\"elementor-container elementor-column-gap-default\">\n\t\t\t\t\t<div class=\"elementor-column elementor-col-50 elementor-inner-column elementor-element elementor-element-4268373\" data-id=\"4268373\" data-element_type=\"column\" data-e-type=\"column\">\n\t\t\t<div class=\"elementor-widget-wrap elementor-element-populated\">\n\t\t\t\t\t\t<div class=\"elementor-element elementor-element-61507a9 elementor-widget elementor-widget-heading\" data-id=\"61507a9\" data-element_type=\"widget\" data-e-type=\"widget\" data-widget_type=\"heading.default\">\n\t\t\t\t<div class=\"elementor-widget-container\">\n\t\t\t\t\t<h4 class=\"elementor-heading-title elementor-size-default\">Online - Il tuo messaggio digitale<\/h4>\t\t\t\t<\/div>\n\t\t\t\t<\/div>\n\t\t\t\t<div class=\"elementor-element elementor-element-902b04a elementor-widget elementor-widget-text-editor\" data-id=\"902b04a\" data-element_type=\"widget\" data-e-type=\"widget\" data-widget_type=\"text-editor.default\">\n\t\t\t\t<div class=\"elementor-widget-container\">\n\t\t\t\t\t\t\t\t\t<p data-start=\"566\" data-end=\"715\">Strumenti digitali pronti per comunicare in maniera chiara e potente sui social, nelle newsletter, o per presentare eventi e workshop.<\/p><p data-section-id=\"125otle\" data-start=\"717\" data-end=\"750\"><strong>Come puoi promuoverti online:<\/strong><\/p><ul><li data-start=\"754\" data-end=\"894\"><strong data-start=\"754\" data-end=\"788\">Template social personalizzati <\/strong>(Instagram, Facebook, ecc.) Grafica pronta per pubblicare contenuti che parlano la tua lingua visiva.<\/li><li data-start=\"898\" data-end=\"1037\"><strong data-start=\"898\" data-end=\"921\">Template newsletter<\/strong> per piattaforme come Mailchimp o simili<br data-start=\"961\" data-end=\"964\" \/>Comunicazioni digitali armoniche e curate per raccontare la tua storia.<\/li><li data-start=\"1041\" data-end=\"1202\"><strong data-start=\"1041\" data-end=\"1083\">Slide e materiale informativo digitale<\/strong> per workshop, eventi o presentazioni<br data-start=\"1120\" data-end=\"1123\" \/>Strumenti che accompagnano il tuo pubblico nella scoperta della tua missione.<\/li><\/ul>\t\t\t\t\t\t\t\t<\/div>\n\t\t\t\t<\/div>\n\t\t\t\t\t<\/div>\n\t\t<\/div>\n\t\t\t\t<div class=\"elementor-column elementor-col-50 elementor-inner-column elementor-element elementor-element-34acb97\" data-id=\"34acb97\" data-element_type=\"column\" data-e-type=\"column\">\n\t\t\t<div class=\"elementor-widget-wrap elementor-element-populated\">\n\t\t\t\t\t\t<div class=\"elementor-element elementor-element-7c22bc4 elementor-widget elementor-widget-heading\" data-id=\"7c22bc4\" data-element_type=\"widget\" data-e-type=\"widget\" data-widget_type=\"heading.default\">\n\t\t\t\t<div class=\"elementor-widget-container\">\n\t\t\t\t\t<h4 class=\"elementor-heading-title elementor-size-default\">Offline \u2014 La tua presenza tangibile<\/h4>\t\t\t\t<\/div>\n\t\t\t\t<\/div>\n\t\t\t\t<div class=\"elementor-element elementor-element-e8f1f9d elementor-widget elementor-widget-text-editor\" data-id=\"e8f1f9d\" data-element_type=\"widget\" data-e-type=\"widget\" data-widget_type=\"text-editor.default\">\n\t\t\t\t<div class=\"elementor-widget-container\">\n\t\t\t\t\t\t\t\t\t<p data-start=\"1395\" data-end=\"1547\"><strong data-start=\"1395\" data-end=\"1409\">Obiettivo:<\/strong> portare la tua energia e il tuo messaggio nel mondo fisico, con materiali coordinati che rendano riconoscibile la tua identit\u00e0 ovunque.<\/p><p data-start=\"1549\" data-end=\"1568\"><strong data-start=\"1549\" data-end=\"1566\">Cosa include:<\/strong><\/p><ul><li><strong data-start=\"1571\" data-end=\"1594\">Biglietti da visita: <\/strong>Design studiato per lasciare un\u2019impressione duratura.<\/li><li><strong data-start=\"1657\" data-end=\"1678\">Flyer e cartoline: <\/strong>Layout studiati per comunicare messaggi chiari e armoniosi.<\/li><li data-start=\"1747\" data-end=\"1838\"><strong data-start=\"1747\" data-end=\"1767\">Poster e roll-up: <\/strong>Formati grandi con grafica leggibile e impatto visivo immediato.<\/li><li data-start=\"1841\" data-end=\"1960\"><strong data-start=\"1841\" data-end=\"1862\">Gadget coordinati: <\/strong>Oggetti brandizzati che amplificano la tua presenza fisica e il legame con il tuo pubblico.<\/li><\/ul>\t\t\t\t\t\t\t\t<\/div>\n\t\t\t\t<\/div>\n\t\t\t\t\t<\/div>\n\t\t<\/div>\n\t\t\t\t\t<\/div>\n\t\t<\/section>\n\t\t\t\t<div class=\"elementor-element elementor-element-c786b60 elementor-widget elementor-widget-text-editor\" data-id=\"c786b60\" data-element_type=\"widget\" data-e-type=\"widget\" data-widget_type=\"text-editor.default\">\n\t\t\t\t<div class=\"elementor-widget-container\">\n\t\t\t\t\t\t\t\t\t<p><strong data-start=\"1758\" data-end=\"1784\">Manifesta il Tuo Brand<\/strong> \u00e8 pensato per chi vuole trasformare ogni punto di contatto con il pubblico in un\u2019esperienza coerente, armoniosa e potente, capace di raccontare l\u2019essenza del proprio progetto attraverso immagini e simboli.<\/p>\t\t\t\t\t\t\t\t<\/div>\n\t\t\t\t<\/div>\n\t\t\t\t\t<\/div>\n\t\t<\/div>\n\t\t\t\t\t<\/div>\n\t\t<\/section>\n\t\t\t\t<section class=\"elementor-section elementor-top-section elementor-element elementor-element-822166e elementor-section-boxed elementor-section-height-default elementor-section-height-default wpr-particle-no wpr-jarallax-no wpr-parallax-no wpr-sticky-section-no\" data-id=\"822166e\" data-element_type=\"section\" data-e-type=\"section\">\n\t\t\t\t\t\t<div class=\"elementor-container elementor-column-gap-default\">\n\t\t\t\t\t<div class=\"elementor-column elementor-col-100 elementor-top-column elementor-element elementor-element-723681b\" data-id=\"723681b\" data-element_type=\"column\" data-e-type=\"column\">\n\t\t\t<div class=\"elementor-widget-wrap elementor-element-populated\">\n\t\t\t\t\t\t<div class=\"elementor-element elementor-element-93373c5 elementor-widget elementor-widget-heading\" data-id=\"93373c5\" data-element_type=\"widget\" data-e-type=\"widget\" data-widget_type=\"heading.default\">\n\t\t\t\t<div class=\"elementor-widget-container\">\n\t\t\t\t\t<h3 class=\"elementor-heading-title elementor-size-default\">Pronta a far emergere la tua essenza visiva?<\/h3>\t\t\t\t<\/div>\n\t\t\t\t<\/div>\n\t\t\t\t<div class=\"elementor-element elementor-element-7cd5e29 elementor-widget elementor-widget-text-editor\" data-id=\"7cd5e29\" data-element_type=\"widget\" data-e-type=\"widget\" data-widget_type=\"text-editor.default\">\n\t\t\t\t<div class=\"elementor-widget-container\">\n\t\t\t\t\t\t\t\t\t<p>Se senti che \u00e8 arrivato il momento di <strong data-start=\"203\" data-end=\"231\">manifestare il tuo brand<\/strong>, richiedi la tua consulenza o scopri il pacchetto pi\u00f9 adatto a te.<br data-start=\"298\" data-end=\"301\" \/><strong data-start=\"301\" data-end=\"320\">Contattami oggi<\/strong> e iniziamo insieme il viaggio verso una comunicazione visiva autentica e potente.<\/p>\t\t\t\t\t\t\t\t<\/div>\n\t\t\t\t<\/div>\n\t\t\t\t<div class=\"elementor-element elementor-element-fe70e44 elementor-align-center elementor-widget elementor-widget-button\" data-id=\"fe70e44\" data-element_type=\"widget\" data-e-type=\"widget\" data-widget_type=\"button.default\">\n\t\t\t\t<div class=\"elementor-widget-container\">\n\t\t\t\t\t\t\t\t\t<div class=\"elementor-button-wrapper\">\n\t\t\t\t\t<a class=\"elementor-button elementor-button-link elementor-size-sm elementor-animation-shrink\" href=\"https:\/\/graficasciamanica.it\/index.php\/contattami\/\">\n\t\t\t\t\t\t<span class=\"elementor-button-content-wrapper\">\n\t\t\t\t\t\t\t\t\t<span class=\"elementor-button-text\">Richiedi la tua consulenza<\/span>\n\t\t\t\t\t<\/span>\n\t\t\t\t\t<\/a>\n\t\t\t\t<\/div>\n\t\t\t\t\t\t\t\t<\/div>\n\t\t\t\t<\/div>\n\t\t\t\t\t<\/div>\n\t\t<\/div>\n\t\t\t\t\t<\/div>\n\t\t<\/section>\n\t\t\t\t<\/div>\n\t\t","protected":false},"excerpt":{"rendered":"<p>Manifesta il tuo Brand Promuovi la tua attivit\u00e0 con strumenti grafici pensati per comunicare la tua essenza Promuovere il tuo progetto non \u00e8 solo comunicare: \u00e8 dare forma visiva alla tua energia, al tuo messaggio e alla tua essenza.Con i miei servizi di Grafica Sciamanica, ogni contenuto digitale e ogni&hellip;<\/p>\n<p> <a class=\"more-link\" href=\"https:\/\/graficasciamanica.it\/index.php\/manifesta-il-tuo-brand\/\">Leggi tutto<\/a><\/p>\n","protected":false},"author":3,"featured_media":0,"parent":0,"menu_order":0,"comment_status":"closed","ping_status":"closed","template":"","meta":{"jetpack_post_was_ever_published":true,"footnotes":""},"class_list":["post-10185","page","type-page","status-publish"],"jetpack_sharing_enabled":true,"_links":{"self":[{"href":"https:\/\/graficasciamanica.it\/index.php\/wp-json\/wp\/v2\/pages\/10185","targetHints":{"allow":["GET"]}}],"collection":[{"href":"https:\/\/graficasciamanica.it\/index.php\/wp-json\/wp\/v2\/pages"}],"about":[{"href":"https:\/\/graficasciamanica.it\/index.php\/wp-json\/wp\/v2\/types\/page"}],"author":[{"embeddable":true,"href":"https:\/\/graficasciamanica.it\/index.php\/wp-json\/wp\/v2\/users\/3"}],"replies":[{"embeddable":true,"href":"https:\/\/graficasciamanica.it\/index.php\/wp-json\/wp\/v2\/comments?post=10185"}],"version-history":[{"count":19,"href":"https:\/\/graficasciamanica.it\/index.php\/wp-json\/wp\/v2\/pages\/10185\/revisions"}],"predecessor-version":[{"id":10341,"href":"https:\/\/graficasciamanica.it\/index.php\/wp-json\/wp\/v2\/pages\/10185\/revisions\/10341"}],"wp:attachment":[{"href":"https:\/\/graficasciamanica.it\/index.php\/wp-json\/wp\/v2\/media?parent=10185"}],"curies":[{"name":"wp","href":"https:\/\/api.w.org\/{rel}","templated":true}]}}